{"id":3,"date":"2025-11-20T11:56:08","date_gmt":"2025-11-20T08:56:08","guid":{"rendered":"http:\/\/marelusso.com\/?page_id=3"},"modified":"2025-11-22T16:07:35","modified_gmt":"2025-11-22T13:07:35","slug":"iptaliade","status":"publish","type":"page","link":"https:\/\/marelusso.com\/index.php\/iptaliade\/","title":{"rendered":"\u0130ptal \u0130ade \u015eartlar\u0131"},"content":{"rendered":"\t\t<div data-elementor-type=\"wp-page\" data-elementor-id=\"3\" class=\"elementor elementor-3\">\n\t\t\t\t<div class=\"elementor-element elementor-element-34fc946b e-flex e-con-boxed e-con e-parent\" data-id=\"34fc946b\" data-element_type=\"container\">\n\t\t\t\t\t<div class=\"e-con-inner\">\n\t\t\t\t<div class=\"elementor-element elementor-element-525a632f elementor-widget elementor-widget-text-editor\" data-id=\"525a632f\" data-element_type=\"widget\" data-widget_type=\"text-editor.default\">\n\t\t\t\t<div class=\"elementor-widget-container\">\n\t\t\t\t\t\t\t\t\t\n<p>\u0130ptal ve \u0130ade \u015eartlar\u0131<br \/>Sipari\u015f \u0130ptal Taleplerinizi \u0130\u00e7in:<\/p>\n<p>Sipari\u015finiz Haz\u0131rl\u0131k a\u015famas\u0131nda ise E\u011fer \u00fcr\u00fcn\u00fcn\u00fcz hen\u00fcz Kargo yetkililerine teslim edilmediyse, 02320000000 numaral\u0131 m\u00fc\u015fteri hizmetlerimizi arayarak bildirebilirsiniz. Sipari\u015finiz g\u00fcn i\u00e7erisinde iptal edilecektir. M\u00fc\u015fteri Hizmetlerimiz Hafta i\u00e7i Sabah 09.00 ila 18.00 Hafta sonu Cumartesi 09.00 ila 15.00 saatleri aras\u0131nda hizmet vermektedir.<\/p>\n<p>\u00dccret \u0130ade S\u00fcreci:<\/p>\n<p>\u0130ade etmek istedi\u011finiz \u00fcr\u00fcnleri size ula\u015ft\u0131\u011f\u0131 tarihten itibaren 15 i\u015f g\u00fcn\u00fc i\u00e7inde kullan\u0131lmam\u0131\u015f ve paketi zarar g\u00f6rmemi\u015f \u015fekilde a\u015fa\u011f\u0131da belirtilen iadesi m\u00fcmk\u00fcn olmayan \u00fcr\u00fcnler hari\u00e7 par\u00e7a kablo size \u00f6zel \u00fcretilmi\u015f \u00fcr\u00fcnler gibi \u00fcr\u00fcnler hari\u00e7, di\u011fer \u00fcr\u00fcnlerinizi ilgili kargo firmas\u0131 arac\u0131l\u0131\u011f\u0131 ile fatura \u00fczerindeki iade b\u00f6l\u00fcm\u00fcn doldurarak g\u00f6nderebilirsiniz.<\/p>\n<p>\u0130ade \u00fcr\u00fcn\u00fcn\u00fcz Marelusso Yatching yetkilileri taraf\u0131ndan incelenerek, iade \u015fartlara uygun olup olmad\u0131\u011f\u0131 ara\u015ft\u0131r\u0131lacakt\u0131r. \u0130ade prosed\u00fcrlerine uygun olan \u00fcr\u00fcnlerin iadesi onaylanacak, \u00fcr\u00fcn \u00fccreti 7 i\u015f g\u00fcn\u00fc i\u00e7erisinde bankan\u0131za yat\u0131r\u0131lacakt\u0131r. Bu \u00fccretin hesab\u0131n\u0131za yans\u0131mas\u0131 banka prosed\u00fcrleri gere\u011fi 3-7 i\u015f g\u00fcn\u00fcn\u00fc bulabilmektedir.<\/p>\n<p>\u00dcr\u00fcn(ler) orijinal ambalaj\u0131 hasar g\u00f6rmemi\u015f, kullan\u0131lmam\u0131\u015f ve kullan\u0131m hatas\u0131 sonucu zarar g\u00f6rmemi\u015f haliyle taraf\u0131m\u0131za yollanmal\u0131d\u0131r.<br \/>\u00dcr\u00fcn\u00fcn sat\u0131\u015f faturas\u0131n\u0131 mutlaka g\u00f6ndermeniz gerekmektedir.<br \/>E\u011fer \u00fcr\u00fcn\u00fcn faturas\u0131 kurumsal ise, iade i\u015flemi i\u00e7in kurumun d\u00fczenlemi\u015f oldu\u011fu, kargo pay\u0131 d\u00e2hil edilmeden veya edilerek anla\u015fmaya ba\u011fl\u0131 iade faturas\u0131 kesilmelidir.<br \/>M\u00fc\u015fteri, \u00fcr\u00fcn\u00fcn kendisine teslim edildi\u011fi andaki durumu ile geri vermekle ve kullan\u0131m s\u00f6z konusu ise kullanma dolay\u0131s\u0131yla mal\u0131n ticari de\u011ferindeki kayb\u0131 tazminle y\u00fck\u00fcml\u00fcd\u00fcr.<br \/>Kablo \u00fcr\u00fcnlerde par\u00e7a kablo sat\u0131\u015flar\u0131nda kesilen kablo tekrar sat\u0131\u015fa sunulamayaca\u011f\u0131 i\u00e7in iade al\u0131nmaz.<br \/>\u0130adeler mutlak surette orijinal kutu veya ambalaj\u0131 ile birlikte yap\u0131lmal\u0131d\u0131r.<br \/>Orijinal kutusu\/ambalaj\u0131 bozulmu\u015f (\u00f6rnek: orijinal kutu \u00fczerine kargo etiketi yap\u0131\u015ft\u0131r\u0131lm\u0131\u015f ve koli band\u0131 ile bantlanm\u0131\u015f veya \u00fczerine yaz\u0131 yaz\u0131lm\u0131\u015f \u00fcr\u00fcnler kabul edilmez) tekrar sat\u0131labilirlik \u00f6zelli\u011fini kaybetmi\u015f, ithalat\u00e7\u0131\/\u00fcretici firmaya iade edilebilir veya ba\u015fka bir m\u00fc\u015fteri taraf\u0131ndan sat\u0131n al\u0131namayacak durumda olan \u00fcr\u00fcnlerin iadesi kabul edilmemektedir.<br \/>\u0130ade etmek istedi\u011finiz \u00fcr\u00fcn ile birlikte orijinal fatura (sizdeki b\u00fct\u00fcn kopyalar\u0131) ve iade sebebini i\u00e7eren bir dilek\u00e7e g\u00f6ndermeniz gerekmektedir.<br \/>\u00dcr\u00fcn se\u00e7iminde uyumsuzluk problemi ya\u015fanabilecek \u00fcr\u00fcnler i\u00e7in, mutlaka uyum konusunda teknik destek alarak sipari\u015f vermelisiniz. Bu tip \u00fcr\u00fcnlerin orijinal ambalajlar\u0131 a\u00e7\u0131ld\u0131\u011f\u0131nda iade i\u015flemleri m\u00fcmk\u00fcn olmamaktad\u0131r. (\u00d6rn : Paketli ve ambalaj\u0131 kapal\u0131 olan \u00fcr\u00fcnlerin tamam\u0131 )<br \/>\u00d6nemli Not: Kargo \u00fccreti iadesi sipari\u015f iptalinde veya sebepsiz kusursuz veya \u00fcr\u00fcn\u00fc be\u011fenmemeniz durumunda kargo gidi\u015f ve d\u00f6n\u00fc\u015f \u00fccret al\u0131c\u0131ya aittir.<\/p>\n<p>Kargo \u00fccretsiz ibaresi dahi olsa sipari\u015f iptallerinde veya \u00fcr\u00fcn be\u011fenilmemesi durumunda veya \u00fcr\u00fcn\u00fc be\u011fenmedi\u011finiz taktirde kargo \u00fccreti al\u0131c\u0131ya ait olacakt\u0131r gidi\u015f ve d\u00f6n\u00fc\u015f \u00fccreti kesilecektir.<\/p>\n<p>\u0130ptal Edilen Sipari\u015flerde \u0130ade edilen \u00dcr\u00fcnlerin B\u00fct\u00fcn G\u00f6nderim ve D\u00f6n\u00fc\u015f Kargo Giderleri M\u00fc\u015fteriye Aittir.<\/p>\n<p>De\u011fi\u015fim S\u00fcreci:<\/p>\n<p>Size ula\u015fan ve herhangi bir sebepten de\u011fi\u015ftirmek istedi\u011finiz \u00fcr\u00fcnler i\u00e7in sadece ma\u011fazadan de\u011fi\u015fim yapabilirsiniz. De\u011fi\u015ftirmek istedi\u011finiz \u00fcr\u00fcn\u00fc taraf\u0131m\u0131za iade olarak g\u00f6nderebilir sonras\u0131nda de\u011fi\u015fimini istedi\u011finiz \u00fcr\u00fcn\u00fc veya bedeni sat\u0131n alabilirsiniz. Hen\u00fcz size ula\u015fmam\u0131\u015f sipari\u015flerinizi ise de\u011fi\u015fiklik yap\u0131lamamaktad\u0131r. Sipari\u015finiz i\u00e7in iptal talep edip yeni sipari\u015f olu\u015fturmal\u0131s\u0131n\u0131z.<\/p>\n<p>Anla\u015fmal\u0131 Kargolar<br \/>-YURT\u0130\u00c7\u0130 KARGO<\/p>\n<p>\u00dcr\u00fcn \u0130ade Adresi<br \/>\u0130ZM\u0130R<\/p>\n<p>M\u00fc\u015fteri Hizmetleri<br \/>02320000000<\/p>\n<p>\u00b7info@marelusso.com<\/p>\t\t\t\t\t\t\t\t<\/div>\n\t\t\t\t<\/div>\n\t\t\t\t\t<\/div>\n\t\t\t\t<\/div>\n\t\t\t\t<\/div>\n\t\t","protected":false},"excerpt":{"rendered":"<p>\u0130ptal ve \u0130ade \u015eartlar\u0131Sipari\u015f \u0130ptal Taleplerinizi \u0130\u00e7in: Sipari\u015finiz Haz\u0131rl\u0131k a\u015famas\u0131nda ise E\u011fer \u00fcr\u00fcn\u00fcn\u00fcz hen\u00fcz Kargo yetkililerine teslim edilmediyse, 02320000000 numaral\u0131 m\u00fc\u015fteri hizmetlerimizi arayarak bildirebilirsiniz. Sipari\u015finiz g\u00fcn i\u00e7erisinde iptal edilecektir. M\u00fc\u015fteri Hizmetlerimiz Hafta i\u00e7i Sabah 09.00 ila 18.00 Hafta sonu Cumartesi 09.00 ila 15.00 saatleri aras\u0131nda hizmet vermektedir. \u00dccret \u0130ade S\u00fcreci: \u0130ade etmek istedi\u011finiz \u00fcr\u00fcnleri size [&hellip;]<\/p>\n","protected":false},"author":1,"featured_media":0,"parent":0,"menu_order":0,"comment_status":"closed","ping_status":"open","template":"","meta":{"_monsterinsights_skip_tracking":false,"_monsterinsights_sitenote_active":false,"_monsterinsights_sitenote_note":"","_monsterinsights_sitenote_category":0,"footnotes":""},"class_list":["post-3","page","type-page","status-publish","hentry"],"aioseo_notices":[],"_links":{"self":[{"href":"https:\/\/marelusso.com\/index.php\/wp-json\/wp\/v2\/pages\/3","targetHints":{"allow":["GET"]}}],"collection":[{"href":"https:\/\/marelusso.com\/index.php\/wp-json\/wp\/v2\/pages"}],"about":[{"href":"https:\/\/marelusso.com\/index.php\/wp-json\/wp\/v2\/types\/page"}],"author":[{"embeddable":true,"href":"https:\/\/marelusso.com\/index.php\/wp-json\/wp\/v2\/users\/1"}],"replies":[{"embeddable":true,"href":"https:\/\/marelusso.com\/index.php\/wp-json\/wp\/v2\/comments?post=3"}],"version-history":[{"count":4,"href":"https:\/\/marelusso.com\/index.php\/wp-json\/wp\/v2\/pages\/3\/revisions"}],"predecessor-version":[{"id":5284,"href":"https:\/\/marelusso.com\/index.php\/wp-json\/wp\/v2\/pages\/3\/revisions\/5284"}],"wp:attachment":[{"href":"https:\/\/marelusso.com\/index.php\/wp-json\/wp\/v2\/media?parent=3"}],"curies":[{"name":"wp","href":"https:\/\/api.w.org\/{rel}","templated":true}]}}